{"id":201,"date":"2017-03-28T10:28:21","date_gmt":"2017-03-28T10:28:21","guid":{"rendered":"http:\/\/iktatas.hu\/?page_id=201"},"modified":"2017-04-18T08:01:22","modified_gmt":"2017-04-18T08:01:22","slug":"szabalyzat","status":"publish","type":"page","link":"https:\/\/iktatas.hu\/wp\/szabalyzat\/","title":{"rendered":"Iratkezel\u00e9si szab\u00e1lyzat"},"content":{"rendered":"<div style=\"width: 100%; display: inline-block; border-right: 1px dotted #4a6da7;\">\n<div style=\"width: 99%; line-height: 0.45; margin-left: 5px; margin-bottom: 10px;\">\n<div style=\"float: left; margin: 10px; width: 225px; height: 128px;\"><img decoding=\"async\" style=\"width: 225px; height: 128px;\" src=\"https:\/\/iktatas.hu\/wp\/images\/iratterv.jpg\" \/><\/div>\n<div style=\"display: inline-block; width: 99%%; max-width: 390px; margin: 10px; height: 128px;\">\n<p style=\"font-size: 130%; color: #4a6da7; margin-top: 2px; margin-bottom: 12px;\">Iratt\u00e1ri terv<\/p>\n<p style=\"line-height: 1.55; font-size: 90%; margin: 2px;\">Az iratt\u00e1ri terv alapj\u00e1n lehet az iratokat rendszerezni, meghat\u00e1rozni a selejtez\u00e9st, iratt\u00e1ri anyagokat t\u00e9telekre (t\u00e1rgyi csoportokra, iratfajt\u00e1kra) tagolni, r\u00f6gz\u00edteni a meg\u0151rz\u00e9s idej\u00e9t \u00e9s a selejtezhet\u0151 iratok d\u00e1tum\u00e1t vagy lev\u00e9lt\u00e1rba ad\u00e1s\u00e1nak idej\u00e9t is meghat\u00e1rozni.<\/p>\n<\/div>\n<\/div>\n<div style=\"width: 99%; line-height: 0.45; margin-left: 5px; margin-bottom: 10px;\">\n<div style=\"float: left; margin: 10px; width: 225px; height: 128px;\"><img decoding=\"async\" style=\"width: 225px; height: 128px;\" src=\"https:\/\/iktatas.hu\/wp\/images\/kuldemeny.jpg\" \/><\/div>\n<div style=\"display: inline-block; width: 99%%; max-width: 390px; margin: 10px; height: 128px;\">\n<p style=\"font-size: 130%; color: #4a6da7; margin-top: 2px; margin-bottom: 12px;\">Iratkezel\u00e9s<\/p>\n<p style=\"line-height: 1.55; font-size: 90%; margin: 2px;\">Mag\u00e1ban foglalja az \u00e9rkeztet\u00e9s, a sz\u00e9toszt\u00e1s az iktat\u00e1s szab\u00e1lyoz\u00e1s\u00e1t. Tiszt\u00e1ban kell lenni mit foglal mag\u00e1ban az \u00fcgyiratok szerel\u00e9se, a mutat\u00f3z\u00e1s, el\u0151ad\u00f3\u00ed \u00edv haszn\u00e1lata &#8230;stb. Gondoskodni kell a probl\u00e9m\u00e1k kezel\u00e9s\u00e9r\u0151l, \u00e9s az \u00e9rintett felek megfelel\u0151 t\u00e1j\u00e9koztat\u00e1s\u00e1r\u00f3l is.<\/p>\n<\/div>\n<\/div>\n<div style=\"width: 99%; line-height: 0.45; margin-left: 5px; margin-bottom: 10px;\">\n<div style=\"float: left; margin: 10px; width: 225px; height: 128px;\"><img decoding=\"async\" style=\"width: 225px; height: 128px;\" src=\"https:\/\/iktatas.hu\/wp\/images\/iktatas.jpg\" \/><\/div>\n<div style=\"display: inline-block; width: 99%%; max-width: 390px; margin: 10px; height: 128px;\">\n<p style=\"font-size: 130%; color: #4a6da7; margin-top: 2px; margin-bottom: 12px;\">Iktat\u00e1s<\/p>\n<p style=\"line-height: 1.55; font-size: 90%; margin: 2px;\">R\u00f6gz\u00edteni kell minden olyan adatot, amelyek egyr\u00e9szt rendelkez\u00e9sre \u00e1llnak m\u00e1sr\u00e9szt a dokumentumok tartalm\u00e1nak megismer\u00e9s\u00e9hez, kezel\u00e9s\u00e9hez elengedhetetlen\u00fcl sz\u00fcks\u00e9gesek. Fontos\u00a0a folytonoss\u00e1g \u00e9s a nyomon k\u00f6vethet\u0151s\u00e9g\u00a0elve is. Mind pap\u00edralap\u00fa mind <a href=\"http:\/\/iktatas.hu\/szoftver\">elektronikus<\/a> form\u00e1ban kivitelezhet\u0151.<\/p>\n<\/div>\n<\/div>\n<\/div>\n","protected":false},"excerpt":{"rendered":"<p>Iratt\u00e1ri terv Az iratt\u00e1ri terv alapj\u00e1n lehet az iratokat rendszerezni, meghat\u00e1rozni a selejtez\u00e9st, iratt\u00e1ri anyagokat t\u00e9telekre (t\u00e1rgyi csoportokra, iratfajt\u00e1kra) tagolni,&hellip; <\/p>\n","protected":false},"author":1,"featured_media":0,"parent":0,"menu_order":0,"comment_status":"closed","ping_status":"closed","template":"","meta":{"footnotes":""},"class_list":["post-201","page","type-page","status-publish","hentry"],"aioseo_notices":[],"_links":{"self":[{"href":"https:\/\/iktatas.hu\/wp\/wp-json\/wp\/v2\/pages\/201"}],"collection":[{"href":"https:\/\/iktatas.hu\/wp\/wp-json\/wp\/v2\/pages"}],"about":[{"href":"https:\/\/iktatas.hu\/wp\/wp-json\/wp\/v2\/types\/page"}],"author":[{"embeddable":true,"href":"https:\/\/iktatas.hu\/wp\/wp-json\/wp\/v2\/users\/1"}],"replies":[{"embeddable":true,"href":"https:\/\/iktatas.hu\/wp\/wp-json\/wp\/v2\/comments?post=201"}],"version-history":[{"count":13,"href":"https:\/\/iktatas.hu\/wp\/wp-json\/wp\/v2\/pages\/201\/revisions"}],"predecessor-version":[{"id":684,"href":"https:\/\/iktatas.hu\/wp\/wp-json\/wp\/v2\/pages\/201\/revisions\/684"}],"wp:attachment":[{"href":"https:\/\/iktatas.hu\/wp\/wp-json\/wp\/v2\/media?parent=201"}],"curies":[{"name":"wp","href":"https:\/\/api.w.org\/{rel}","templated":true}]}}